{"id":28,"date":"2024-04-25T15:38:47","date_gmt":"2024-04-25T13:38:47","guid":{"rendered":"https:\/\/daskapitelzwei.de\/?page_id=28"},"modified":"2026-02-20T19:22:54","modified_gmt":"2026-02-20T18:22:54","slug":"about","status":"publish","type":"page","link":"https:\/\/daskapitelzwei.de\/en\/about\/","title":{"rendered":"About us"},"content":{"rendered":"<h4 class=\"wp-block-heading\">We ware now the \"Kapitel 3\"!<\/h4>\n\n\n\n<div class=\"wp-block-media-text is-stacked-on-mobile\" style=\"grid-template-columns:29% auto\"><figure class=\"wp-block-media-text__media\"><img loading=\"lazy\" decoding=\"async\" width=\"819\" height=\"1024\" src=\"https:\/\/daskapitelzwei.de\/wp-content\/uploads\/2026\/01\/Kapitel3-819x1024.jpg\" alt=\"\" class=\"wp-image-343 size-full\" srcset=\"https:\/\/daskapitelzwei.de\/wp-content\/uploads\/2026\/01\/Kapitel3-819x1024.jpg 819w, https:\/\/daskapitelzwei.de\/wp-content\/uploads\/2026\/01\/Kapitel3-240x300.jpg 240w, https:\/\/daskapitelzwei.de\/wp-content\/uploads\/2026\/01\/Kapitel3-768x960.jpg 768w, https:\/\/daskapitelzwei.de\/wp-content\/uploads\/2026\/01\/Kapitel3-10x12.jpg 10w, https:\/\/daskapitelzwei.de\/wp-content\/uploads\/2026\/01\/Kapitel3.jpg 1024w\" sizes=\"auto, (max-width: 819px) 100vw, 819px\" \/><\/figure><div class=\"wp-block-media-text__content\">\n<p>Since we are a completely new team and the primary purpose of the space has changed (from a secondhand store to an event and cultural venue), we felt it was time for a new name. We are starting a new chapter, but the book remains the same. <\/p>\n<\/div><\/div>\n\n\n\n<p>We are using the same space, even though it is being redesigned, and without the work of the people who previously made the \"Kapitel\" in W\u00fcrzburg known, we would not be where we are now. That is why the \u201cKapitel\u201d part remains the same, yet much is changing and a new era is beginning.<\/p>\n\n\n\n<h4 class=\"wp-block-heading\">Who's behind Kapitel 3?<\/h4>\n\n\n\n<p>Since the handover in October 2025, we are a completely new team of around 10 queer&nbsp;<em>white<\/em>&nbsp;people. We are organized as an association and all work on this project on a voluntary basis. Most of us have been active in left-wing, activist contexts in W\u00fcrzburg for many years and we are also friends.<\/p>\n\n\n\n<p>There are various working groups, such as space design, finance, program items, and social media.<br>The AKs offer the opportunity to become part of the team. If you would like to participate in individual events or tasks, you can join the Signal group \u201cHelfer*innen\u201d (helpers).<br><\/p>\n\n\n\n<p>If you are interested in anything, feel free to write to us or talk to us the next time you are at the \"Kapitel\"!<\/p>\n\n\n\n<p><\/p>","protected":false},"excerpt":{"rendered":"<p>Wir sind jetzt das Kapitel 3! Nachdem wir ein komplett neues Team sind und sich das prim\u00e4re Ziel vom Raum ge\u00e4ndert hat (von Secondhand-Laden zu Veranstaltungs- und Kulturort) fanden wir, dass es auch Zeit f\u00fcr einen neuen Namen wird. Wir schlagen ein neues Kapitel auf, aber das Buch bleibt das gleiche. Wir nutzen den selben [&hellip;]<\/p>\n","protected":false},"author":1,"featured_media":0,"parent":0,"menu_order":0,"comment_status":"closed","ping_status":"closed","template":"","meta":{"footnotes":""},"class_list":["post-28","page","type-page","status-publish","hentry"],"_links":{"self":[{"href":"https:\/\/daskapitelzwei.de\/en\/wp-json\/wp\/v2\/pages\/28","targetHints":{"allow":["GET"]}}],"collection":[{"href":"https:\/\/daskapitelzwei.de\/en\/wp-json\/wp\/v2\/pages"}],"about":[{"href":"https:\/\/daskapitelzwei.de\/en\/wp-json\/wp\/v2\/types\/page"}],"author":[{"embeddable":true,"href":"https:\/\/daskapitelzwei.de\/en\/wp-json\/wp\/v2\/users\/1"}],"replies":[{"embeddable":true,"href":"https:\/\/daskapitelzwei.de\/en\/wp-json\/wp\/v2\/comments?post=28"}],"version-history":[{"count":10,"href":"https:\/\/daskapitelzwei.de\/en\/wp-json\/wp\/v2\/pages\/28\/revisions"}],"predecessor-version":[{"id":387,"href":"https:\/\/daskapitelzwei.de\/en\/wp-json\/wp\/v2\/pages\/28\/revisions\/387"}],"wp:attachment":[{"href":"https:\/\/daskapitelzwei.de\/en\/wp-json\/wp\/v2\/media?parent=28"}],"curies":[{"name":"wp","href":"https:\/\/api.w.org\/{rel}","templated":true}]}}